{"id":81,"date":"2025-08-09T15:37:05","date_gmt":"2025-08-09T13:37:05","guid":{"rendered":"https:\/\/schwarzwaldverein-albbruck.de\/?page_id=81"},"modified":"2026-03-25T16:55:02","modified_gmt":"2026-03-25T15:55:02","slug":"wanderplan-2025","status":"publish","type":"page","link":"https:\/\/schwarzwaldverein-albbruck.de\/?page_id=81","title":{"rendered":"Wanderplan 2026"},"content":{"rendered":"\n<p><\/p>\n\n\n\n<figure class=\"wp-block-image size-large\"><img loading=\"lazy\" decoding=\"async\" width=\"1024\" height=\"60\" src=\"https:\/\/schwarzwaldverein-albbruck.de\/wp-content\/uploads\/2026\/01\/20240925_124208-1-1024x60.png\" alt=\"\" class=\"wp-image-172\" srcset=\"https:\/\/schwarzwaldverein-albbruck.de\/wp-content\/uploads\/2026\/01\/20240925_124208-1-1024x60.png 1024w, https:\/\/schwarzwaldverein-albbruck.de\/wp-content\/uploads\/2026\/01\/20240925_124208-1-300x18.png 300w, https:\/\/schwarzwaldverein-albbruck.de\/wp-content\/uploads\/2026\/01\/20240925_124208-1-768x45.png 768w, https:\/\/schwarzwaldverein-albbruck.de\/wp-content\/uploads\/2026\/01\/20240925_124208-1.png 1500w\" sizes=\"auto, (max-width: 1024px) 100vw, 1024px\" \/><\/figure>\n\n\n\n<p><br>F\u00fcr das abgelaufene Wanderjahr danke ich allen Wanderleiter\/in herzlich. Es gab keine Verletzungen, weil die Wanderungen wie immer gut vorbereitet waren.<\/p>\n\n\n\n<p><\/p>\n\n\n\n<p><strong>Wanderplan 2026<\/strong><\/p>\n\n\n\n<p><br><strong><em>M\u00e4rz<\/em><\/strong><\/p>\n\n\n\n<p><strong>So. 29.03. Fr\u00fchlingswanderung<\/strong><br>Wanderleiter: Robert Burkart \uf02801719280868<br>14.00 h TP: Rathaus Albbruck PKW<\/p>\n\n\n\n<p><strong><em>April<\/em><\/strong><\/p>\n\n\n\n<p><br><strong>Fr. 10.04. Hauptversammlung im Kranz in Schachen 19.00 Uhr<\/strong><\/p>\n\n\n\n<p><strong>So. 12.04. Nachmittagswanderung in Waldshut<\/strong><br>F\u00c4LLT AUS!!! <\/p>\n\n\n\n<p><strong>So. 26.04. Wanderung um den Zurziberg (CH)<\/strong><br>Wanderleiter: Robert Weber 07754\/929352<br>14.00h TP: Rathaus Albbruck PKW<\/p>\n\n\n\n<p><strong><em>Mai<\/em><\/strong><\/p>\n\n\n\n<p><br><strong>Fr. 01.05. Rundwanderung B6 Rhein und Berge<\/strong><br>Bad S\u00e4ckingen \/ 1. Tageswanderung<br>Wanderleiter: Gerd Walprecht 07753\/1015<br>09.00 h TP: Rathaus Albbruck PKW<\/p>\n\n\n\n<p><strong>So. 17.05. Von Lienheim \u00fcber die H\u00f6he R\u00fcgihau<\/strong><br>Wanderleiterin: Susanne Tritschler  07751\/896668<br>09.00 h TP: Rathaus Albbruck PKW<\/p>\n\n\n\n<p><strong>So. 31.05. Von Balzhausen zur Sommerau<\/strong><br>Wanderleiterin: Gisela Kolar  07754\/929352<br>09.00 h TP: Rathaus Albbruck PKW<\/p>\n\n\n\n<p><strong><em>Juni<\/em><\/strong><\/p>\n\n\n\n<p><br><strong>So.07.06. Von H\u00e4usern nach Blasiwald<\/strong><br>Wanderleiter: Gerd Walprecht  07753\/1015<br>09.00h TP.: Rathaus Albbruck PKW<\/p>\n\n\n\n<p><strong>11.06. &#8211; 18.06. Wanderwoche in Hornberg-Fohrenb\u00fchl<\/strong><br>Standort: Restaurant Landgasthof Schwanen<\/p>\n\n\n\n<p><strong>So. 28.06. Rund um Menzenschwand<\/strong><br>Wanderleiter: Gerd Walprecht  07753\/1015<br>9.00h TP: Rathaus Albbruck PKW<\/p>\n\n\n\n<p><strong><em>Juli <\/em><\/strong><\/p>\n\n\n\n<p><strong>Familienwanderung<\/strong><br>So. 12.07. 100 Jahre Peterskanzel<br>N\u00e4here Infos Folgen! Anmeldung 01622117251<\/p>\n\n\n\n<p><strong>So. 26.07. Auf dem Lebk\u00fcchlerweg<\/strong><br>Wanderleiter: Gerd Walprecht 07753\/1015<br>09.00 h TP: Rathaus Albbruck PKW<\/p>\n\n\n\n<p><strong><em>August<\/em><\/strong><br><strong>So. 09.08. Der Panoramaweg zum Gugelturm<\/strong><br>Wanderleiterin: Susanne Tritschler  07751\/896668<br>09.00 h TP: Rathaus Albbruck PKW<\/p>\n\n\n\n<p><strong>Do. 20.08. Jahresausflug Uhldingen Automuseum<\/strong><br>Siehe Amtsblatt und Tageszeitung<\/p>\n\n\n\n<p><\/p>\n\n\n\n<p><strong><em>September<\/em><\/strong><br><strong>So. 13.09. Von Berau ins Mettmatal<\/strong><br>Wanderleiter: Robert Weber 07754\/929352<br>14.00h Rathaus Albbruck<\/p>\n\n\n\n<p><strong>So. 27.09. Vom Ibacherkreuz rund um den Farnberg<\/strong><br>Wanderleiterin: Gisela Kolar \uf02807754\/929352<br>9.00h TP: Rathaus Albbruck PKW<\/p>\n\n\n\n<p><strong><em>Oktober<\/em><\/strong><br><strong>Mi. 14.10. Nachmittagswanderung<\/strong><br>Wanderleiter: Robert Burkart  01719280868<br>14.00 h TP.: Rathaus Albbruck PKW<\/p>\n\n\n\n<p><strong>So. 25.10. Nachmittagswanderung in Waldshut<\/strong><br>Wanderleiter: Frank Makowka 07751\/800607<br>14.00 h TP.: Rathaus Albbruck PKW<\/p>\n\n\n\n<p><strong><em>November<\/em><\/strong><br><strong>Sa. 07.11. Kleine Wanderung mit Abschluss Metzgete<\/strong><br>Anmeldung: Joachim Weidler \uf02807753\/96619<\/p>\n\n\n\n<p><strong>So. 29.11. Adventsfeier<\/strong><br>15.00 h Schachen im Gasthaus Kranz<\/p>\n\n\n\n<p><strong><em>Dezember<\/em><\/strong><br><strong>So. 13.12. Eine kleine Wanderung um die S\u00f6de.<\/strong><br>Danach um 16.00h zum Weihnachts-konzert des Blasorchesters Albbruck.<br>15.00 h TP.: Parkplatz Katholische Kirche Albbruck<\/p>\n\n\n\n<p><strong>So. 27.12. Jahresabschlusswanderung<\/strong><br>Wanderleiter: Robert Burkart \uf02801719280868<br>15.00 h TP.: Rathaus Albbruck PKW<\/p>\n\n\n\n<p>TP.: = Treffpunkt<\/p>\n\n\n\n<p>Bei allen Wanderungen<br>sind G\u00e4ste<\/p>\n\n\n\n<p>Willkommen!<\/p>\n","protected":false},"excerpt":{"rendered":"<p>F\u00fcr das abgelaufene Wanderjahr danke ich allen Wanderleiter\/in herzlich. Es gab keine Verletzungen, weil die Wanderungen wie immer gut vorbereitet waren. Wanderplan 2026 M\u00e4rz So. 29.03. Fr\u00fchlingswanderungWanderleiter: Robert Burkart \uf0280171928086814.00 h TP: Rathaus Albbruck PKW April Fr. 10.04. Hauptversammlung im Kranz in Schachen 19.00 Uhr So. 12.04. Nachmittagswanderung in WaldshutF\u00c4LLT AUS!!! So. 26.04. Wanderung um &hellip; <a href=\"https:\/\/schwarzwaldverein-albbruck.de\/?page_id=81\" class=\"more-link\"><span class=\"screen-reader-text\">Wanderplan 2026<\/span> weiterlesen<\/a><\/p>\n","protected":false},"author":1,"featured_media":0,"parent":0,"menu_order":0,"comment_status":"closed","ping_status":"closed","template":"","meta":{"footnotes":""},"class_list":["post-81","page","type-page","status-publish","hentry"],"_links":{"self":[{"href":"https:\/\/schwarzwaldverein-albbruck.de\/index.php?rest_route=\/wp\/v2\/pages\/81","targetHints":{"allow":["GET"]}}],"collection":[{"href":"https:\/\/schwarzwaldverein-albbruck.de\/index.php?rest_route=\/wp\/v2\/pages"}],"about":[{"href":"https:\/\/schwarzwaldverein-albbruck.de\/index.php?rest_route=\/wp\/v2\/types\/page"}],"author":[{"embeddable":true,"href":"https:\/\/schwarzwaldverein-albbruck.de\/index.php?rest_route=\/wp\/v2\/users\/1"}],"replies":[{"embeddable":true,"href":"https:\/\/schwarzwaldverein-albbruck.de\/index.php?rest_route=%2Fwp%2Fv2%2Fcomments&post=81"}],"version-history":[{"count":8,"href":"https:\/\/schwarzwaldverein-albbruck.de\/index.php?rest_route=\/wp\/v2\/pages\/81\/revisions"}],"predecessor-version":[{"id":194,"href":"https:\/\/schwarzwaldverein-albbruck.de\/index.php?rest_route=\/wp\/v2\/pages\/81\/revisions\/194"}],"wp:attachment":[{"href":"https:\/\/schwarzwaldverein-albbruck.de\/index.php?rest_route=%2Fwp%2Fv2%2Fmedia&parent=81"}],"curies":[{"name":"wp","href":"https:\/\/api.w.org\/{rel}","templated":true}]}}