{"id":24,"date":"2025-06-21T13:59:25","date_gmt":"2025-06-21T11:59:25","guid":{"rendered":"http:\/\/schwarzwaldverein-albbruck.de\/?page_id=24"},"modified":"2026-04-15T15:08:49","modified_gmt":"2026-04-15T13:08:49","slug":"schwarzwaldverein-albbruck-e-v","status":"publish","type":"page","link":"https:\/\/schwarzwaldverein-albbruck.de\/","title":{"rendered":"Willkommen"},"content":{"rendered":"\n<figure class=\"wp-block-image size-large\"><img loading=\"lazy\" decoding=\"async\" width=\"1024\" height=\"77\" src=\"https:\/\/schwarzwaldverein-albbruck.de\/wp-content\/uploads\/2025\/12\/WhatsApp-Bild-2025-12-08-um-15.34.38_fcb17445-Kopie-1024x77.jpg\" alt=\"\" class=\"wp-image-152\" srcset=\"https:\/\/schwarzwaldverein-albbruck.de\/wp-content\/uploads\/2025\/12\/WhatsApp-Bild-2025-12-08-um-15.34.38_fcb17445-Kopie-1024x77.jpg 1024w, https:\/\/schwarzwaldverein-albbruck.de\/wp-content\/uploads\/2025\/12\/WhatsApp-Bild-2025-12-08-um-15.34.38_fcb17445-Kopie-300x23.jpg 300w, https:\/\/schwarzwaldverein-albbruck.de\/wp-content\/uploads\/2025\/12\/WhatsApp-Bild-2025-12-08-um-15.34.38_fcb17445-Kopie-768x58.jpg 768w, https:\/\/schwarzwaldverein-albbruck.de\/wp-content\/uploads\/2025\/12\/WhatsApp-Bild-2025-12-08-um-15.34.38_fcb17445-Kopie.jpg 1500w\" sizes=\"auto, (max-width: 1024px) 100vw, 1024px\" \/><\/figure>\n\n\n\n<p class=\"has-medium-font-size\">Seit 1909 geh\u00f6rt der Schwarzwaldverein zu Albbruck wie das Wasser zur Alb.<\/p>\n\n\n\n<p class=\"has-medium-font-size\">Seit \u00fcber 100 Jahren wandern wir gemeinsam, pflegen Wanderwege, betreiben Naturschutz und erweitern das altbekannte Wegenetz mit der gelben Raute, damit jeder seinen Weg findet und sich nicht verl\u00e4uft. <\/p>\n\n\n\n<p class=\"has-medium-font-size\">Das sind wir. Im Hintergrund. Von vielen gar nicht gekannt. <\/p>\n\n\n\n<p class=\"has-medium-font-size\">Ein Verein f\u00fcr Alte Leute?   <\/p>\n\n\n\n<p class=\"has-medium-font-size\">Hoffentlich nicht. Wandern k\u00f6nnen auch die J\u00fcngeren!<\/p>\n\n\n\n<p class=\"has-medium-font-size\">Ein Tag im Wald tut gut, gerade in diesen stressigen Zeiten. Die Kinder mal vom Ipad und PC wegholen um mit ihnen in die Natur zu gehen?  Ein Guter Plan!<\/p>\n\n\n\n<p class=\"has-medium-font-size\">Damit die Wege hierf\u00fcr erhalten bleiben und sich weiterhin jemand darum k\u00fcmmert, d\u00fcrfen Vereine wie der Unsere nicht Untergehen. <\/p>\n\n\n\n<p class=\"has-medium-font-size\">F\u00fcr den Schwarzwaldverein Albbruck war es 2025 fast soweit. Unser Vorstand Joachim Weidler hat den Verein 40 lange Jahre geleitet und allein nicht mehr die Kraft dazu.<\/p>\n\n\n\n<p class=\"has-medium-font-size\">Seit April sind wir jetzt zu Dritt im Vorstand, und damit kommt frischer Wind und einige \u00c4nderungen auf uns Zu. <\/p>\n\n\n\n<p class=\"has-medium-font-size\">Eine \u00c4nderung ist der l\u00e4ngst n\u00f6tige Einstieg ins Internet und Social Media. <\/p>\n\n\n\n<p class=\"has-medium-font-size\">Wir m\u00f6chten ab sofort pr\u00e4sent sein. Gesehen werden. <\/p>\n\n\n\n<p class=\"has-medium-font-size\">Wir brauchen Eure Unterst\u00fctzung, damit unsere wundersch\u00f6nen Wanderwege auch in den n\u00e4chsten 20, 50, 100 Jahren noch f\u00fcr Jeden erhalten werden! <\/p>\n\n\n\n<p>Was ihr daf\u00fcr tun k\u00f6nnt, erfahrt ihr hier auf unserer Internetpr\u00e4senz =)<\/p>\n\n\n\n<p class=\"has-medium-font-size\"><\/p>\n\n\n\n<p class=\"has-medium-font-size\">Eure Regina<\/p>\n\n\n\n<figure class=\"wp-block-image size-full\"><img loading=\"lazy\" decoding=\"async\" width=\"168\" height=\"71\" src=\"https:\/\/schwarzwaldverein-albbruck.de\/wp-content\/uploads\/2026\/02\/Outlook-j4qu2wi1-1.png\" alt=\"\" class=\"wp-image-187\"\/><\/figure>\n\n\n\n<p><\/p>\n","protected":false},"excerpt":{"rendered":"<p>Seit 1909 geh\u00f6rt der Schwarzwaldverein zu Albbruck wie das Wasser zur Alb. Seit \u00fcber 100 Jahren wandern wir gemeinsam, pflegen Wanderwege, betreiben Naturschutz und erweitern das altbekannte Wegenetz mit der gelben Raute, damit jeder seinen Weg findet und sich nicht verl\u00e4uft. Das sind wir. Im Hintergrund. Von vielen gar nicht gekannt. Ein Verein f\u00fcr Alte &hellip; <a href=\"https:\/\/schwarzwaldverein-albbruck.de\/\" class=\"more-link\"><span class=\"screen-reader-text\">Willkommen<\/span> weiterlesen<\/a><\/p>\n","protected":false},"author":1,"featured_media":0,"parent":0,"menu_order":0,"comment_status":"closed","ping_status":"closed","template":"","meta":{"footnotes":""},"class_list":["post-24","page","type-page","status-publish","hentry"],"_links":{"self":[{"href":"https:\/\/schwarzwaldverein-albbruck.de\/index.php?rest_route=\/wp\/v2\/pages\/24","targetHints":{"allow":["GET"]}}],"collection":[{"href":"https:\/\/schwarzwaldverein-albbruck.de\/index.php?rest_route=\/wp\/v2\/pages"}],"about":[{"href":"https:\/\/schwarzwaldverein-albbruck.de\/index.php?rest_route=\/wp\/v2\/types\/page"}],"author":[{"embeddable":true,"href":"https:\/\/schwarzwaldverein-albbruck.de\/index.php?rest_route=\/wp\/v2\/users\/1"}],"replies":[{"embeddable":true,"href":"https:\/\/schwarzwaldverein-albbruck.de\/index.php?rest_route=%2Fwp%2Fv2%2Fcomments&post=24"}],"version-history":[{"count":8,"href":"https:\/\/schwarzwaldverein-albbruck.de\/index.php?rest_route=\/wp\/v2\/pages\/24\/revisions"}],"predecessor-version":[{"id":218,"href":"https:\/\/schwarzwaldverein-albbruck.de\/index.php?rest_route=\/wp\/v2\/pages\/24\/revisions\/218"}],"wp:attachment":[{"href":"https:\/\/schwarzwaldverein-albbruck.de\/index.php?rest_route=%2Fwp%2Fv2%2Fmedia&parent=24"}],"curies":[{"name":"wp","href":"https:\/\/api.w.org\/{rel}","templated":true}]}}