{"id":175,"date":"2026-02-03T13:31:47","date_gmt":"2026-02-03T12:31:47","guid":{"rendered":"https:\/\/schwarzwaldverein-albbruck.de\/?page_id=175"},"modified":"2026-02-03T13:45:01","modified_gmt":"2026-02-03T12:45:01","slug":"fachbereich-jugend","status":"publish","type":"page","link":"https:\/\/schwarzwaldverein-albbruck.de\/?page_id=175","title":{"rendered":"Fachbereich Jugend"},"content":{"rendered":"\n<figure class=\"wp-block-image size-full\"><img loading=\"lazy\" decoding=\"async\" width=\"800\" height=\"450\" src=\"https:\/\/schwarzwaldverein-albbruck.de\/wp-content\/uploads\/2026\/02\/logojb.png\" alt=\"\" class=\"wp-image-176\" srcset=\"https:\/\/schwarzwaldverein-albbruck.de\/wp-content\/uploads\/2026\/02\/logojb.png 800w, https:\/\/schwarzwaldverein-albbruck.de\/wp-content\/uploads\/2026\/02\/logojb-300x169.png 300w, https:\/\/schwarzwaldverein-albbruck.de\/wp-content\/uploads\/2026\/02\/logojb-768x432.png 768w\" sizes=\"auto, (max-width: 800px) 100vw, 800px\" \/><\/figure>\n\n\n\n<p>Wir haben bisher leider keine eigene Jugendgruppe (mehr) bei uns im Verein. In Zukunft w\u00e4re es eine Option, dies auszubauen! Daf\u00fcr fehlen uns jedoch engagierte, j\u00fcngere Mitglieder, speziell Familien. Wenn sie sich angesprochen f\u00fchlen, bitte erw\u00e4gen sie eine Mitgliedschaft im Schwarzwaldverein, wir w\u00fcrden sie gerne Willkommen hei\u00dfen.  <\/p>\n\n\n\n<p>Der\u00a0<strong>Schwarzwaldverein Albbruck e.V.<\/strong>\u00a0weist auf das Angebot der\u00a0<strong><a href=\"https:\/\/jugend-im-schwarzwaldverein.de\/\" target=\"_blank\" rel=\"noreferrer noopener\">Jugend im Schwarzwaldverein<\/a><\/strong>\u00a0hin. Die Jugend im Schwarzwaldverein ist der\u00a0eigenst\u00e4ndige Jugendverband\u00a0im Schwarzwaldverein und richtet sich an\u00a0Kinder, Jugendliche und junge Erwachsene. Im Mittelpunkt stehen\u00a0Jugendwandern, Freizeiten sowie Natur- und Erlebnisp\u00e4dagogik.<\/p>\n\n\n\n<p>Im&nbsp;<strong><a href=\"https:\/\/jugend-im-schwarzwaldverein.de\/jupro\/\" target=\"_blank\" rel=\"noreferrer noopener\">Jugendprogramm<\/a><\/strong>&nbsp;finden Sie eine \u00dcbersicht \u00fcber Aktionen und Veranstaltungen. Zus\u00e4tzlich bietet der Jugendverband unter&nbsp;<strong><a href=\"https:\/\/jugend-im-schwarzwaldverein.de\/lehrgaenge\/\" target=\"_blank\" rel=\"noreferrer noopener\">Lehrg\u00e4nge<\/a><\/strong>&nbsp;Weiterbildungen an; M\u00f6glichkeiten, sich anschlie\u00dfend praktisch einzubringen, sind im Bereich&nbsp;<strong><a href=\"https:\/\/jugend-im-schwarzwaldverein.de\/home\/engagieren\/\" target=\"_blank\" rel=\"noreferrer noopener\">Engagieren\/Praxis<\/a><\/strong>&nbsp;beschrieben.<\/p>\n\n\n\n<p><strong>Auch Interessierte, die (noch) keine Mitglieder<\/strong>&nbsp;im Jugendverband sind, sind ausdr\u00fccklich willkommen.<\/p>\n\n\n\n<p>F\u00fcr Fragen oder weitere Informationen verweist die Jugend im Schwarzwaldverein auf die Jugendgesch\u00e4ftsstelle; als Ansprechpartnerin steht\u00a0<strong>Sophie Zettl<\/strong>\u00a0zur Verf\u00fcgung. (siehe\u00a0<strong><a href=\"https:\/\/jugend-im-schwarzwaldverein.de\/home\/jugendgeschaeftsstelle\/\" target=\"_blank\" rel=\"noreferrer noopener\">Jugendgesch\u00e4ftsstelle<\/a><\/strong>).<\/p>\n\n\n\n<figure class=\"wp-block-image size-large\"><img loading=\"lazy\" decoding=\"async\" width=\"1024\" height=\"251\" src=\"https:\/\/schwarzwaldverein-albbruck.de\/wp-content\/uploads\/2026\/02\/banner-1024x251.jpg\" alt=\"\" class=\"wp-image-181\" srcset=\"https:\/\/schwarzwaldverein-albbruck.de\/wp-content\/uploads\/2026\/02\/banner-1024x251.jpg 1024w, https:\/\/schwarzwaldverein-albbruck.de\/wp-content\/uploads\/2026\/02\/banner-300x74.jpg 300w, https:\/\/schwarzwaldverein-albbruck.de\/wp-content\/uploads\/2026\/02\/banner-768x188.jpg 768w, https:\/\/schwarzwaldverein-albbruck.de\/wp-content\/uploads\/2026\/02\/banner.jpg 1500w\" sizes=\"auto, (max-width: 1024px) 100vw, 1024px\" \/><\/figure>\n\n\n\n<hr class=\"wp-block-separator has-alpha-channel-opacity\"\/>\n\n\n\n<p><\/p>\n","protected":false},"excerpt":{"rendered":"<p>Wir haben bisher leider keine eigene Jugendgruppe (mehr) bei uns im Verein. In Zukunft w\u00e4re es eine Option, dies auszubauen! Daf\u00fcr fehlen uns jedoch engagierte, j\u00fcngere Mitglieder, speziell Familien. Wenn sie sich angesprochen f\u00fchlen, bitte erw\u00e4gen sie eine Mitgliedschaft im Schwarzwaldverein, wir w\u00fcrden sie gerne Willkommen hei\u00dfen. Der\u00a0Schwarzwaldverein Albbruck e.V.\u00a0weist auf das Angebot der\u00a0Jugend im &hellip; <a href=\"https:\/\/schwarzwaldverein-albbruck.de\/?page_id=175\" class=\"more-link\"><span class=\"screen-reader-text\">Fachbereich Jugend<\/span> weiterlesen<\/a><\/p>\n","protected":false},"author":1,"featured_media":0,"parent":0,"menu_order":0,"comment_status":"closed","ping_status":"closed","template":"","meta":{"footnotes":""},"class_list":["post-175","page","type-page","status-publish","hentry"],"_links":{"self":[{"href":"https:\/\/schwarzwaldverein-albbruck.de\/index.php?rest_route=\/wp\/v2\/pages\/175","targetHints":{"allow":["GET"]}}],"collection":[{"href":"https:\/\/schwarzwaldverein-albbruck.de\/index.php?rest_route=\/wp\/v2\/pages"}],"about":[{"href":"https:\/\/schwarzwaldverein-albbruck.de\/index.php?rest_route=\/wp\/v2\/types\/page"}],"author":[{"embeddable":true,"href":"https:\/\/schwarzwaldverein-albbruck.de\/index.php?rest_route=\/wp\/v2\/users\/1"}],"replies":[{"embeddable":true,"href":"https:\/\/schwarzwaldverein-albbruck.de\/index.php?rest_route=%2Fwp%2Fv2%2Fcomments&post=175"}],"version-history":[{"count":4,"href":"https:\/\/schwarzwaldverein-albbruck.de\/index.php?rest_route=\/wp\/v2\/pages\/175\/revisions"}],"predecessor-version":[{"id":179,"href":"https:\/\/schwarzwaldverein-albbruck.de\/index.php?rest_route=\/wp\/v2\/pages\/175\/revisions\/179"}],"wp:attachment":[{"href":"https:\/\/schwarzwaldverein-albbruck.de\/index.php?rest_route=%2Fwp%2Fv2%2Fmedia&parent=175"}],"curies":[{"name":"wp","href":"https:\/\/api.w.org\/{rel}","templated":true}]}}