{"id":139,"date":"2025-12-08T15:47:00","date_gmt":"2025-12-08T14:47:00","guid":{"rendered":"https:\/\/schwarzwaldverein-albbruck.de\/?page_id=139"},"modified":"2026-04-13T21:54:41","modified_gmt":"2026-04-13T19:54:41","slug":"mitgliedschaft","status":"publish","type":"page","link":"https:\/\/schwarzwaldverein-albbruck.de\/?page_id=139","title":{"rendered":"Mitgliedschaft"},"content":{"rendered":"\n<figure class=\"wp-block-image size-large\"><img loading=\"lazy\" decoding=\"async\" width=\"1024\" height=\"251\" src=\"https:\/\/schwarzwaldverein-albbruck.de\/wp-content\/uploads\/2025\/12\/banner-1024x251.jpg\" alt=\"\" class=\"wp-image-140\" srcset=\"https:\/\/schwarzwaldverein-albbruck.de\/wp-content\/uploads\/2025\/12\/banner-1024x251.jpg 1024w, https:\/\/schwarzwaldverein-albbruck.de\/wp-content\/uploads\/2025\/12\/banner-300x74.jpg 300w, https:\/\/schwarzwaldverein-albbruck.de\/wp-content\/uploads\/2025\/12\/banner-768x188.jpg 768w, https:\/\/schwarzwaldverein-albbruck.de\/wp-content\/uploads\/2025\/12\/banner.jpg 1500w\" sizes=\"auto, (max-width: 1024px) 100vw, 1024px\" \/><\/figure>\n\n\n\n<p><\/p>\n\n\n\n<p>Eine Mitgliedschaft im Schwarzwaldverein ist etwas Wertvolles. Nicht nur f\u00fcr Euch als Wanderer, nat\u00fcrlich auch f\u00fcr uns als Verein. <\/p>\n\n\n\n<p>Nat\u00fcrlich kann man alle Wege auch ohne Mitgliedschaft wandern. Allerdings sind die Wege im Schwarzwald zum Gr\u00f6\u00dften Teil von uns, dem Schwarzwaldverein, bewirtschaftet und Instand gehalten. Wenn es uns nicht mehr g\u00e4be, w\u00fcrden viele Wege verschwinden.<\/p>\n\n\n\n<p>Als Mitglied im Verein muss man NICHT mit dem Verein wandern! Aber man DARF nat\u00fcrlich an den gemeinsamen Wanderungen teilnehmen! =) Viele Leute denken immer, dass sie als Mitglied mit dem Verein zusammen wandern m\u00fcssen. Das stimmt nicht, jeder darf immernoch seine eigenen Wege gehen, kann aber bei unseren Veranstaltungen mitwandern, und bekommt bei vielen Veranstaltungen, die Kostenpflichtig sind, als Mitglied einen Rabatt.<\/p>\n\n\n\n<p>Als Mitglied leisten Sie einen Beitrag zum Erhalt der Wanderwege und des Naturschutzes. Sie w\u00fcrden uns mit ihrer Mitgliedschaft unterst\u00fctzen, und es ist nicht so teuer, wie man denkt! <\/p>\n\n\n\n<p><strong>Jugendmitgliedschaft<\/strong>: 18 Euro\/Jahr<\/p>\n\n\n\n<p><strong>Einzelperson<\/strong>: 30 Euro\/Jahr<\/p>\n\n\n\n<p><strong>Familienmitgliedschaft<\/strong>: 38 Euro\/Jahr<\/p>\n\n\n\n<p><strong>K\u00f6rperschaft <\/strong>(Mitgliedschaft im Hauptverein) : 60 Euro\/Jahr<\/p>\n\n\n\n<p><\/p>\n\n\n\n<p>Mitglieder im Schwarzwaldverein erhalten zudem vielz\u00e4hlige Vorteile bei Partnern, einige davon sind beim Hauptverein zum Nachlesen aufgef\u00fchrt: <\/p>\n\n\n\n<p><a href=\"https:\/\/www.schwarzwaldverein.de\/schwarzwaldverein\/mitglieder-vorteile\">https:\/\/www.schwarzwaldverein.de\/schwarzwaldverein\/mitglieder-vorteile<\/a><\/p>\n\n\n\n<p>Weiterhin sind alle Mitglieder des Schwarzwaldvereins und seiner Ortsvereine vom Hauptverein versichert, es gibt eine Unfall und Haftpflichtversicherung \u00fcber den Verein, n\u00e4here Infos nachzulesen \u00fcber die Seite des Hauptvereines: <\/p>\n\n\n\n<p><a href=\"https:\/\/www.schwarzwaldverein.de\/schwarzwaldverein\/mitglied-werden\/gute-gruende\">https:\/\/www.schwarzwaldverein.de\/schwarzwaldverein\/mitglied-werden\/gute-gruende<\/a><\/p>\n\n\n\n<p><\/p>\n\n\n\n<p>Wenn Das nicht \u00fcberzeugt, was dann?   Es wird Zeit, dem Verein beizutreten, und Ihre Region zu unterst\u00fctzen =) Entweder als Wandermitglied, welches einfach nur einen Beitrag leisten m\u00f6chte und kann, oder gar als Aktives Mitglied, welches sich in den Verein einbringt als Wanderleiter, Wegepate\/wart, etc&#8230; <\/p>\n\n\n\n<p><\/p>\n\n\n\n<p><strong>Hier finden sie die PDF Dateien zum Vereinsbeitritt &#8211; Beide Dateien Herunterladen, Ausdrucken, Ausf\u00fcllen, in einen Briefumschlag an einen unserer Vorst\u00e4nde (siehe Men\u00fc &#8211; Kontakt)  =)  Wir w\u00fcrden uns sehr freuen! <\/strong><\/p>\n\n\n\n<p><\/p>\n\n\n\n<p><a href=\"https:\/\/schwarzwaldverein-albbruck.de\/wp-content\/uploads\/2026\/04\/Beitrittserklaerung-1.pdf\" target=\"_blank\" rel=\"noreferrer noopener\"><strong><mark style=\"background-color:rgba(0, 0, 0, 0);color:#5e8c3a\" class=\"has-inline-color\">Beitrittserkl\u00e4rung PDF<\/mark><\/strong><\/a><\/p>\n\n\n\n<p><a href=\"https:\/\/schwarzwaldverein-albbruck.de\/wp-content\/uploads\/2026\/04\/Datenschutz_Geheimnisverpflichtung-Muster-2018.pdf\" target=\"_blank\" rel=\"noreferrer noopener\"><strong><mark style=\"background-color:rgba(0, 0, 0, 0);color:#5e8c3a\" class=\"has-inline-color\">Datenschutzerkl\u00e4rung PDF<\/mark><\/strong><\/a><\/p>\n\n\n\n<p><\/p>\n\n\n\n<p><\/p>\n\n\n\n<figure class=\"wp-block-image size-large\"><img loading=\"lazy\" decoding=\"async\" width=\"1024\" height=\"210\" src=\"https:\/\/schwarzwaldverein-albbruck.de\/wp-content\/uploads\/2026\/01\/20241008_081447-1024x210.png\" alt=\"\" class=\"wp-image-170\" srcset=\"https:\/\/schwarzwaldverein-albbruck.de\/wp-content\/uploads\/2026\/01\/20241008_081447-1024x210.png 1024w, https:\/\/schwarzwaldverein-albbruck.de\/wp-content\/uploads\/2026\/01\/20241008_081447-300x61.png 300w, https:\/\/schwarzwaldverein-albbruck.de\/wp-content\/uploads\/2026\/01\/20241008_081447-768x157.png 768w, https:\/\/schwarzwaldverein-albbruck.de\/wp-content\/uploads\/2026\/01\/20241008_081447.png 1500w\" sizes=\"auto, (max-width: 1024px) 100vw, 1024px\" \/><\/figure>\n","protected":false},"excerpt":{"rendered":"<p>Eine Mitgliedschaft im Schwarzwaldverein ist etwas Wertvolles. Nicht nur f\u00fcr Euch als Wanderer, nat\u00fcrlich auch f\u00fcr uns als Verein. Nat\u00fcrlich kann man alle Wege auch ohne Mitgliedschaft wandern. Allerdings sind die Wege im Schwarzwald zum Gr\u00f6\u00dften Teil von uns, dem Schwarzwaldverein, bewirtschaftet und Instand gehalten. Wenn es uns nicht mehr g\u00e4be, w\u00fcrden viele Wege verschwinden. &hellip; <a href=\"https:\/\/schwarzwaldverein-albbruck.de\/?page_id=139\" class=\"more-link\"><span class=\"screen-reader-text\">Mitgliedschaft<\/span> weiterlesen<\/a><\/p>\n","protected":false},"author":1,"featured_media":0,"parent":0,"menu_order":0,"comment_status":"closed","ping_status":"closed","template":"","meta":{"footnotes":""},"class_list":["post-139","page","type-page","status-publish","hentry"],"_links":{"self":[{"href":"https:\/\/schwarzwaldverein-albbruck.de\/index.php?rest_route=\/wp\/v2\/pages\/139","targetHints":{"allow":["GET"]}}],"collection":[{"href":"https:\/\/schwarzwaldverein-albbruck.de\/index.php?rest_route=\/wp\/v2\/pages"}],"about":[{"href":"https:\/\/schwarzwaldverein-albbruck.de\/index.php?rest_route=\/wp\/v2\/types\/page"}],"author":[{"embeddable":true,"href":"https:\/\/schwarzwaldverein-albbruck.de\/index.php?rest_route=\/wp\/v2\/users\/1"}],"replies":[{"embeddable":true,"href":"https:\/\/schwarzwaldverein-albbruck.de\/index.php?rest_route=%2Fwp%2Fv2%2Fcomments&post=139"}],"version-history":[{"count":13,"href":"https:\/\/schwarzwaldverein-albbruck.de\/index.php?rest_route=\/wp\/v2\/pages\/139\/revisions"}],"predecessor-version":[{"id":214,"href":"https:\/\/schwarzwaldverein-albbruck.de\/index.php?rest_route=\/wp\/v2\/pages\/139\/revisions\/214"}],"wp:attachment":[{"href":"https:\/\/schwarzwaldverein-albbruck.de\/index.php?rest_route=%2Fwp%2Fv2%2Fmedia&parent=139"}],"curies":[{"name":"wp","href":"https:\/\/api.w.org\/{rel}","templated":true}]}}