{"id":130,"date":"2025-12-08T15:16:26","date_gmt":"2025-12-08T14:16:26","guid":{"rendered":"https:\/\/schwarzwaldverein-albbruck.de\/?page_id=130"},"modified":"2025-12-08T15:16:26","modified_gmt":"2025-12-08T14:16:26","slug":"wanderwoche-2026","status":"publish","type":"page","link":"https:\/\/schwarzwaldverein-albbruck.de\/?page_id=130","title":{"rendered":"Wanderwoche 2026"},"content":{"rendered":"\n<p><\/p>\n\n\n\n<p class=\"has-text-align-left\">Wie seit einigen Jahren, findet auch 2026 wieder eine Wanderwoche statt. G\u00e4ste sind wie immer gerne gesehen! Eine Verbindliche Anmeldung ist leider Pflicht, schlie\u00dflich muss das Hotel gebucht werden. Wir w\u00fcrden uns sehr \u00fcber ein paar wanderlustige G\u00e4ste freuen!<br>Einfach das Bild ausdrucken, ausf\u00fcllen und per Email an admin @ schwarzwaldverein-albbruck.de schicken.<\/p>\n\n\n\n<p><\/p>\n\n\n\n<figure class=\"wp-block-image size-large\"><img loading=\"lazy\" decoding=\"async\" width=\"724\" height=\"1024\" src=\"https:\/\/schwarzwaldverein-albbruck.de\/wp-content\/uploads\/2025\/12\/img20251208_15111144-724x1024.png\" alt=\"\" class=\"wp-image-131\" srcset=\"https:\/\/schwarzwaldverein-albbruck.de\/wp-content\/uploads\/2025\/12\/img20251208_15111144-724x1024.png 724w, https:\/\/schwarzwaldverein-albbruck.de\/wp-content\/uploads\/2025\/12\/img20251208_15111144-212x300.png 212w, https:\/\/schwarzwaldverein-albbruck.de\/wp-content\/uploads\/2025\/12\/img20251208_15111144-768x1086.png 768w, https:\/\/schwarzwaldverein-albbruck.de\/wp-content\/uploads\/2025\/12\/img20251208_15111144-1087x1536.png 1087w, https:\/\/schwarzwaldverein-albbruck.de\/wp-content\/uploads\/2025\/12\/img20251208_15111144.png 1240w\" sizes=\"auto, (max-width: 724px) 100vw, 724px\" \/><\/figure>\n","protected":false},"excerpt":{"rendered":"<p>Wie seit einigen Jahren, findet auch 2026 wieder eine Wanderwoche statt. G\u00e4ste sind wie immer gerne gesehen! Eine Verbindliche Anmeldung ist leider Pflicht, schlie\u00dflich muss das Hotel gebucht werden. Wir w\u00fcrden uns sehr \u00fcber ein paar wanderlustige G\u00e4ste freuen!Einfach das Bild ausdrucken, ausf\u00fcllen und per Email an admin @ schwarzwaldverein-albbruck.de schicken.<\/p>\n","protected":false},"author":1,"featured_media":0,"parent":0,"menu_order":0,"comment_status":"closed","ping_status":"closed","template":"","meta":{"footnotes":""},"class_list":["post-130","page","type-page","status-publish","hentry"],"_links":{"self":[{"href":"https:\/\/schwarzwaldverein-albbruck.de\/index.php?rest_route=\/wp\/v2\/pages\/130","targetHints":{"allow":["GET"]}}],"collection":[{"href":"https:\/\/schwarzwaldverein-albbruck.de\/index.php?rest_route=\/wp\/v2\/pages"}],"about":[{"href":"https:\/\/schwarzwaldverein-albbruck.de\/index.php?rest_route=\/wp\/v2\/types\/page"}],"author":[{"embeddable":true,"href":"https:\/\/schwarzwaldverein-albbruck.de\/index.php?rest_route=\/wp\/v2\/users\/1"}],"replies":[{"embeddable":true,"href":"https:\/\/schwarzwaldverein-albbruck.de\/index.php?rest_route=%2Fwp%2Fv2%2Fcomments&post=130"}],"version-history":[{"count":1,"href":"https:\/\/schwarzwaldverein-albbruck.de\/index.php?rest_route=\/wp\/v2\/pages\/130\/revisions"}],"predecessor-version":[{"id":132,"href":"https:\/\/schwarzwaldverein-albbruck.de\/index.php?rest_route=\/wp\/v2\/pages\/130\/revisions\/132"}],"wp:attachment":[{"href":"https:\/\/schwarzwaldverein-albbruck.de\/index.php?rest_route=%2Fwp%2Fv2%2Fmedia&parent=130"}],"curies":[{"name":"wp","href":"https:\/\/api.w.org\/{rel}","templated":true}]}}