{"id":103,"date":"2025-08-09T17:01:28","date_gmt":"2025-08-09T15:01:28","guid":{"rendered":"https:\/\/schwarzwaldverein-albbruck.de\/?page_id=103"},"modified":"2026-04-11T00:00:08","modified_gmt":"2026-04-10T22:00:08","slug":"aktuelles","status":"publish","type":"page","link":"https:\/\/schwarzwaldverein-albbruck.de\/?page_id=103","title":{"rendered":"Aktuelles"},"content":{"rendered":"\n<figure class=\"wp-block-image size-large\"><img loading=\"lazy\" decoding=\"async\" width=\"1024\" height=\"39\" src=\"https:\/\/schwarzwaldverein-albbruck.de\/wp-content\/uploads\/2026\/01\/20240711_212517-1024x39.png\" alt=\"\" class=\"wp-image-166\" srcset=\"https:\/\/schwarzwaldverein-albbruck.de\/wp-content\/uploads\/2026\/01\/20240711_212517-1024x39.png 1024w, https:\/\/schwarzwaldverein-albbruck.de\/wp-content\/uploads\/2026\/01\/20240711_212517-300x11.png 300w, https:\/\/schwarzwaldverein-albbruck.de\/wp-content\/uploads\/2026\/01\/20240711_212517-768x29.png 768w, https:\/\/schwarzwaldverein-albbruck.de\/wp-content\/uploads\/2026\/01\/20240711_212517.png 1500w\" sizes=\"auto, (max-width: 1024px) 100vw, 1024px\" \/><\/figure>\n\n\n\n<p><\/p>\n\n\n\n<p><strong>10.04.2026:  (STRASSENSPERRUNG) Aktuelles zur Albtalstra\u00dfe: <\/strong><\/p>\n\n\n\n<p>Felssicherungsarbeiten bis Mitte Mai \u2013 Strecke bleibt weiter voll gesperrt!<\/p>\n\n\n\n<p>Die umfangreichen Felssicherungsarbeiten an dem 2,5 Kilometer langen Abschnitt der Albtalstra\u00dfe zwischen Hohenfels und Tiefenstein werden voraussichtlich bis Mitte Mai andauern. Ziel dieser Ma\u00dfnahmen ist die dauerhafte Sicherung der H\u00e4nge und der Schutz vor Steinschlag.<\/p>\n\n\n\n<p>Danach beginnt eine planm\u00e4\u00dfige Unterbrechung \u00fcber die Sommermonate, die aus naturschutzfachlichen Gr\u00fcnden erfolgt. Ab September werden die Felssicherungsarbeiten fortgesetzt sowie einzelne Sanierungsarbeiten an der Stra\u00dfe durchgef\u00fchrt.<\/p>\n\n\n\n<p><strong>Gute Nachricht f\u00fcr Wanderer: Der Wanderweg oberhalb des gesperrten Abschnitts, Teil der Etappe 1 des Albsteigs zwischen Albbruck und G\u00f6rwihl, wird f\u00fcr die Dauer der Bauunterbrechung wieder ge\u00f6ffnet.<\/strong><\/p>\n\n\n\n<p>Quelle: Landratsamt Waldshut \/ WT Tag und Nacht<\/p>\n\n\n\n<p><strong>25.3.2026: So. 12.04. Nachmittagswanderung in Waldshut<\/strong><br>F\u00c4LLT  KRANKHEITSBEDINGT AUS!!! <\/p>\n\n\n\n<p><\/p>\n\n\n\n<p><strong>05.03.2026: Erste Wanderung am 15.3.!  <\/strong><\/p>\n\n\n\n<p>Die Er\u00f6ffnungswanderung findet am Sonntag, den 15.M\u00e4rz statt!  Schaut im Wanderplan nach! <\/p>\n\n\n\n<p><\/p>\n\n\n\n<p><strong>25.02.2026: \u00c4nderungen des Waldgesetzes<\/strong><\/p>\n\n\n\n<h3 class=\"wp-block-heading\">Novellierung des Landeswaldgesetzes BW (\u00a737) \u2013 Ende November 2025<\/h3>\n\n\n\n<p><strong>Worum geht es?<\/strong> \u00a737 des Landeswaldgesetzes Baden-W\u00fcrttemberg regelt das <strong>Betreten des Waldes<\/strong>. Mit der Novellierung Ende 2025 wurde hier mehr Rechtssicherheit f\u00fcr alle Beteiligten geschaffen.<\/p>\n\n\n\n<p><strong>Was \u00e4ndert sich konkret?<\/strong> Das Betreten, Verweilen im Wald und die Nutzung einfacher Einrichtungen (z.B. Sitzb\u00e4nke, Wege) erfolgt k\u00fcnftig <strong>eindeutig auf eigene Gefahr<\/strong>. Waldbesitzende haften damit grunds\u00e4tzlich nicht mehr f\u00fcr typische Waldgefahren gegen\u00fcber Erholungssuchenden.<\/p>\n\n\n\n<p><strong>Wer profitiert davon?<\/strong><\/p>\n\n\n\n<ul class=\"wp-block-list\">\n<li>\ud83c\udf32 <strong>Waldbesitzende<\/strong> werden rechtlich entlastet und m\u00fcssen weniger b\u00fcrokratischen Aufwand betreiben<\/li>\n\n\n\n<li>\ud83e\udd7e <strong>Wanderer &amp; Erholungssuchende<\/strong> profitieren, weil mehr Wanderinfrastruktur erhalten bleibt<\/li>\n\n\n\n<li>\ud83c\udfd8\ufe0f <strong>Tourismus &amp; Naturschutz<\/strong> werden gest\u00e4rkt, da der Wald attraktiver als Erholungsraum bleibt<\/li>\n<\/ul>\n\n\n\n<p><strong>Bedeutung \u00fcber BW hinaus:<\/strong> Die \u00c4nderung gilt als <strong>Vorbildl\u00f6sung<\/strong> und k\u00f6nnte andere Bundesl\u00e4nder zu \u00e4hnlichen gesetzlichen Anpassungen inspirieren. Der <strong>Schwarzwaldverein<\/strong> hatte sich ma\u00dfgeblich f\u00fcr diese Klarstellung eingesetzt.<\/p>\n\n\n\n<p><strong>07.01.2026: Erste Wandertermine sind bekannt!<\/strong><\/p>\n\n\n\n<p>Der Wanderplan ist in Arbeit! Bis Ende Februar wird er fertig sein, aber ein paar Termine stehen schon =) <\/p>\n\n\n\n<p><\/p>\n\n\n\n<p><strong>08.12.2025: Die Wanderwoche ist geplant!<\/strong><br>Ab sofort kann man sich f\u00fcr die Wanderwoche anmelden, bitte dazu im Men\u00fc &#8222;Wanderwoche 2026&#8220; nachsehen =)<\/p>\n\n\n\n<p><\/p>\n\n\n\n<p><strong>06.08.2025:<\/strong><\/p>\n\n\n\n<p>Die Renovierung unseres Schaukastens ist fertig! Er wurde heute mit neuem Anstrich, repariertem Dach und frischen Magnetstreifen wieder am Altbekannten Platz (Am Kreisverkehr Edeka\/Schulstra\u00dfe\/Alte B\u00e4ckerei) wieder aufgehangen.<\/p>\n\n\n\n<figure class=\"wp-block-image size-large\"><img loading=\"lazy\" decoding=\"async\" width=\"835\" height=\"1024\" src=\"https:\/\/schwarzwaldverein-albbruck.de\/wp-content\/uploads\/2025\/08\/20250806_161237-Kopie-835x1024.jpg\" alt=\"\" class=\"wp-image-104\" srcset=\"https:\/\/schwarzwaldverein-albbruck.de\/wp-content\/uploads\/2025\/08\/20250806_161237-Kopie-835x1024.jpg 835w, https:\/\/schwarzwaldverein-albbruck.de\/wp-content\/uploads\/2025\/08\/20250806_161237-Kopie-245x300.jpg 245w, https:\/\/schwarzwaldverein-albbruck.de\/wp-content\/uploads\/2025\/08\/20250806_161237-Kopie-768x942.jpg 768w, https:\/\/schwarzwaldverein-albbruck.de\/wp-content\/uploads\/2025\/08\/20250806_161237-Kopie.jpg 1000w\" sizes=\"auto, (max-width: 835px) 100vw, 835px\" \/><\/figure>\n\n\n\n<p>~<\/p>\n\n\n\n<p><strong>20.7.2025:<\/strong><\/p>\n\n\n\n<p>Unsere Familienwanderung fand bei herrlichem Wetter statt. Wir waren 14 Personen, leider kamen nur zwei G\u00e4ste. Schade! Aber vielleicht n\u00e4chstes Mal mehr =)<\/p>\n\n\n\n<p>~<\/p>\n\n\n\n<p><\/p>\n\n\n\n<p><strong>12.7.2025:<\/strong><\/p>\n\n\n\n<p>Das Stadtradeln ist zu Ende!   Gerne h\u00e4tten wir mehr Leute gehabt, die bei unserem Team mitmachen =(  Aber wir sind halt ein Wander und kein Radelverein ;D Trotzdem haben wir es zu viert auf Platz 11 geschafft mit \u00fcber 500 geradelten Kilometern! <\/p>\n\n\n\n<figure class=\"wp-block-image size-full\"><img loading=\"lazy\" decoding=\"async\" width=\"985\" height=\"774\" src=\"https:\/\/schwarzwaldverein-albbruck.de\/wp-content\/uploads\/2025\/08\/WhatsApp-Bild-2025-06-21-um-15.58.16_3a6c6aad.jpg\" alt=\"\" class=\"wp-image-109\" srcset=\"https:\/\/schwarzwaldverein-albbruck.de\/wp-content\/uploads\/2025\/08\/WhatsApp-Bild-2025-06-21-um-15.58.16_3a6c6aad.jpg 985w, https:\/\/schwarzwaldverein-albbruck.de\/wp-content\/uploads\/2025\/08\/WhatsApp-Bild-2025-06-21-um-15.58.16_3a6c6aad-300x236.jpg 300w, https:\/\/schwarzwaldverein-albbruck.de\/wp-content\/uploads\/2025\/08\/WhatsApp-Bild-2025-06-21-um-15.58.16_3a6c6aad-768x603.jpg 768w\" sizes=\"auto, (max-width: 985px) 100vw, 985px\" \/><\/figure>\n","protected":false},"excerpt":{"rendered":"<p>10.04.2026: (STRASSENSPERRUNG) Aktuelles zur Albtalstra\u00dfe: Felssicherungsarbeiten bis Mitte Mai \u2013 Strecke bleibt weiter voll gesperrt! Die umfangreichen Felssicherungsarbeiten an dem 2,5 Kilometer langen Abschnitt der Albtalstra\u00dfe zwischen Hohenfels und Tiefenstein werden voraussichtlich bis Mitte Mai andauern. Ziel dieser Ma\u00dfnahmen ist die dauerhafte Sicherung der H\u00e4nge und der Schutz vor Steinschlag. Danach beginnt eine planm\u00e4\u00dfige Unterbrechung &hellip; <a href=\"https:\/\/schwarzwaldverein-albbruck.de\/?page_id=103\" class=\"more-link\"><span class=\"screen-reader-text\">Aktuelles<\/span> weiterlesen<\/a><\/p>\n","protected":false},"author":1,"featured_media":0,"parent":0,"menu_order":0,"comment_status":"closed","ping_status":"closed","template":"","meta":{"footnotes":""},"class_list":["post-103","page","type-page","status-publish","hentry"],"_links":{"self":[{"href":"https:\/\/schwarzwaldverein-albbruck.de\/index.php?rest_route=\/wp\/v2\/pages\/103","targetHints":{"allow":["GET"]}}],"collection":[{"href":"https:\/\/schwarzwaldverein-albbruck.de\/index.php?rest_route=\/wp\/v2\/pages"}],"about":[{"href":"https:\/\/schwarzwaldverein-albbruck.de\/index.php?rest_route=\/wp\/v2\/types\/page"}],"author":[{"embeddable":true,"href":"https:\/\/schwarzwaldverein-albbruck.de\/index.php?rest_route=\/wp\/v2\/users\/1"}],"replies":[{"embeddable":true,"href":"https:\/\/schwarzwaldverein-albbruck.de\/index.php?rest_route=%2Fwp%2Fv2%2Fcomments&post=103"}],"version-history":[{"count":14,"href":"https:\/\/schwarzwaldverein-albbruck.de\/index.php?rest_route=\/wp\/v2\/pages\/103\/revisions"}],"predecessor-version":[{"id":200,"href":"https:\/\/schwarzwaldverein-albbruck.de\/index.php?rest_route=\/wp\/v2\/pages\/103\/revisions\/200"}],"wp:attachment":[{"href":"https:\/\/schwarzwaldverein-albbruck.de\/index.php?rest_route=%2Fwp%2Fv2%2Fmedia&parent=103"}],"curies":[{"name":"wp","href":"https:\/\/api.w.org\/{rel}","templated":true}]}}